{"id":7,"date":"2015-09-28T10:58:25","date_gmt":"2015-09-28T10:58:25","guid":{"rendered":"http:\/\/beatasawicka.com\/?page_id=7"},"modified":"2024-07-07T15:52:35","modified_gmt":"2024-07-07T15:52:35","slug":"about-me","status":"publish","type":"page","link":"https:\/\/www.beatasawicka.pl\/pl\/about-me\/","title":{"rendered":"O mnie"},"content":{"rendered":"<div class=\"bioCenter\" style=\"text-align: justify;\">\n\t<div class=\"slideshow_container slideshow_container_style-light\" data-slideshow-id=\"735\" data-style-name=\"style-light\" data-style-version=\"2.5.20\" >\n\t\t<div class=\"slideshow_loading_icon\"><\/div>\n\t\t<div class=\"slideshow_content\" style=\"display: none;\">\n\t\t\t<div class=\"slideshow_view\">\n\t\t\t\t<div class=\"slideshow_slide slideshow_slide_image\">\n\t\t\t\t\t\t\t\t\t\t\t<img src=\"https:\/\/www.beatasawicka.pl\/wp-content\/uploads\/2015\/09\/cytat2am_startnofoto_en-scaled.jpg\" alt=\"cytat2am_startnofoto_en\" width=\"2560\" height=\"1780\" \/>\n\t\t\t\t\t\t\t\t\t\t<div class=\"slideshow_description_box slideshow_transparent\">\n\t\t\t\t\t\t<div class=\"slideshow_title\">cytat2am_startnofoto_en<\/div>\t\t\t\t\t\t\t\t\t\t\t<\/div>\n\t\t\t\t<\/div>\n\n\t\t\t\t\t\t\t\t\t<\/div>\n\t\t\t<div class=\"slideshow_view\">\n\t\t\t\t<div class=\"slideshow_slide slideshow_slide_image\">\n\t\t\t\t\t\t\t\t\t\t\t<img src=\"https:\/\/www.beatasawicka.pl\/wp-content\/uploads\/2015\/10\/portret_goxwiller-scaled.jpg\" alt=\"portret_goxwiller\" width=\"2560\" height=\"1707\" \/>\n\t\t\t\t\t\t\t\t\t\t<div class=\"slideshow_description_box slideshow_transparent\">\n\t\t\t\t\t\t<div class=\"slideshow_title\">portret_goxwiller<\/div>\t\t\t\t\t\t\t\t\t\t\t<\/div>\n\t\t\t\t<\/div>\n\n\t\t\t\t\t\t\t\t\t<\/div>\n\t\t\t<div class=\"slideshow_view\">\n\t\t\t\t<div class=\"slideshow_slide slideshow_slide_image\">\n\t\t\t\t\t\t\t\t\t\t\t<img src=\"https:\/\/www.beatasawicka.pl\/wp-content\/uploads\/2015\/10\/portret_goxwiller_19-scaled.jpg\" alt=\"portret_goxwiller_19\" width=\"2560\" height=\"1627\" \/>\n\t\t\t\t\t\t\t\t\t\t<div class=\"slideshow_description_box slideshow_transparent\">\n\t\t\t\t\t\t<div class=\"slideshow_title\">portret_goxwiller_19<\/div>\t\t\t\t\t\t\t\t\t\t\t<\/div>\n\t\t\t\t<\/div>\n\n\t\t\t\t\t\t\t\t\t<\/div>\n\t\t\t<div class=\"slideshow_view\">\n\t\t\t\t<div class=\"slideshow_slide slideshow_slide_image\">\n\t\t\t\t\t\t\t\t\t\t\t<img src=\"https:\/\/www.beatasawicka.pl\/wp-content\/uploads\/2015\/10\/portret_goxwiller_221-scaled.jpg\" alt=\"portret_goxwiller_22\" width=\"2560\" height=\"1707\" \/>\n\t\t\t\t\t\t\t\t\t\t<div class=\"slideshow_description_box slideshow_transparent\">\n\t\t\t\t\t\t<div class=\"slideshow_title\">portret_goxwiller_22<\/div>\t\t\t\t\t\t\t\t\t\t\t<\/div>\n\t\t\t\t<\/div>\n\n\t\t\t\t\t\t\t\t\t<\/div>\n\t\t\t<div class=\"slideshow_view\">\n\t\t\t\t<div class=\"slideshow_slide slideshow_slide_image\">\n\t\t\t\t\t\t\t\t\t\t\t<img src=\"https:\/\/www.beatasawicka.pl\/wp-content\/uploads\/2015\/10\/umbria_9_nwastrona-kopia.jpg\" alt=\"umbria_9_nwastrona kopia\" width=\"1000\" height=\"669\" \/>\n\t\t\t\t\t\t\t\t\t\t<div class=\"slideshow_description_box slideshow_transparent\">\n\t\t\t\t\t\t<div class=\"slideshow_title\">umbria_9_nwastrona kopia<\/div>\t\t\t\t\t\t\t\t\t\t\t<\/div>\n\t\t\t\t<\/div>\n\n\t\t\t\t\t\t\t\t\t<\/div>\n\t\t\t<div class=\"slideshow_view\">\n\t\t\t\t<div class=\"slideshow_slide slideshow_slide_image\">\n\t\t\t\t\t\t\t\t\t\t\t<img src=\"https:\/\/www.beatasawicka.pl\/wp-content\/uploads\/2015\/10\/pracownia_nowastrona.jpg\" alt=\"pracownia_nowastrona\" width=\"1494\" height=\"1000\" \/>\n\t\t\t\t\t\t\t\t\t\t<div class=\"slideshow_description_box slideshow_transparent\">\n\t\t\t\t\t\t<div class=\"slideshow_title\">pracownia_nowastrona<\/div>\t\t\t\t\t\t\t\t\t\t\t<\/div>\n\t\t\t\t<\/div>\n\n\t\t\t\t\t\t\t\t\t<\/div>\n\t\t\t<div class=\"slideshow_view\">\n\t\t\t\t<div class=\"slideshow_slide slideshow_slide_image\">\n\t\t\t\t\t\t\t\t\t\t\t<img src=\"https:\/\/www.beatasawicka.pl\/wp-content\/uploads\/2015\/10\/pracownia_nowastrona_2.jpg\" alt=\"pracownia_nowastrona_2\" width=\"1494\" height=\"1000\" \/>\n\t\t\t\t\t\t\t\t\t\t<div class=\"slideshow_description_box slideshow_transparent\">\n\t\t\t\t\t\t<div class=\"slideshow_title\">pracownia_nowastrona_2<\/div>\t\t\t\t\t\t\t\t\t\t\t<\/div>\n\t\t\t\t<\/div>\n\n\t\t\t\t\t\t\t\t\t<\/div>\n\t\t\t<div class=\"slideshow_view\">\n\t\t\t\t<div class=\"slideshow_slide slideshow_slide_image\">\n\t\t\t\t\t\t\t\t\t\t\t<img src=\"https:\/\/www.beatasawicka.pl\/wp-content\/uploads\/2015\/10\/pracownia_nowastrona_1.jpg\" alt=\"pracownia_nowastrona_1\" width=\"1504\" height=\"1000\" \/>\n\t\t\t\t\t\t\t\t\t\t<div class=\"slideshow_description_box slideshow_transparent\">\n\t\t\t\t\t\t<div class=\"slideshow_title\">pracownia_nowastrona_1<\/div>\t\t\t\t\t\t\t\t\t\t\t<\/div>\n\t\t\t\t<\/div>\n\n\t\t\t\t\t\t\t\t\t<\/div>\n\t\t<\/div>\n\t\t<div class=\"slideshow_controlPanel slideshow_transparent\" style=\"display: none;\"><ul><li class=\"slideshow_togglePlay\" data-play-text=\"Play\" data-pause-text=\"Pause\"><\/li><\/ul><\/div>\n\t\t<div class=\"slideshow_button slideshow_previous slideshow_transparent\" role=\"button\" data-previous-text=\"Previous\" style=\"display: none;\"><\/div>\n\t\t<div class=\"slideshow_button slideshow_next slideshow_transparent\" role=\"button\" data-next-text=\"Next\" style=\"display: none;\"><\/div>\n\t\t<div class=\"slideshow_pagination\" style=\"display: none;\" data-go-to-text=\"Go to slide\"><div class=\"slideshow_pagination_center\"><\/div><\/div>\n\t<\/div>\n\n<\/div>\n<p>&nbsp;<\/p>\n<div class=\"bioCenter\" style=\"text-align: center;\"><\/div>\n<div class=\"bioCenter\" style=\"text-align: center;\"><\/div>\n<div class=\"bioCenter\" style=\"text-align: center;\"><\/div>\n<div class=\"bioCenter\" style=\"text-align: justify;\">\n<div class=\"bioCenter\"><span class=\"bioName\">Beata Sawicka<\/span> \u2014 urodzona w Warszawie.<\/div>\n<p><span class=\"bioMidTitle\">Studia :<\/span><\/p>\n<p>&#8211; Ecole R\u00e9gionale des Beaux Arts w Rouen (Francja)<br \/>\n&#8211; Pa\u0144stwowa Wy\u017csza Szko\u0142a Sztuk Pi\u0119knych w Gda\u0144sku<br \/>\n&#8211; Akademia Sztuk Pi\u0119knych w Warszawie &#8211; dyplom z ilustracji i grafiki ksi\u0105\u017ckowej 1985.<\/p>\n<p>W latach 1983-2004 wsp\u00f3\u0142praca z wydawnictwami ksi\u0105\u017ckowymi &#8211; projekty szaty graficznej, ilustracje. Od 1996 roku mieszka we Francji w Strasbourgu.<br \/>\nAktualnie zajmuje si\u0119 malarstwem.<br \/>\nAktywnie dzia\u0142a w <a class=\"work\" href=\"http:\/\/www.coe.int\/t\/amicale\/club-arts\/default_en.asp\">Stowarzyszeniu Sztuki Rady Europy.<\/a><\/p>\n<\/div>\n","protected":false},"excerpt":{"rendered":"<p>&nbsp; Beata Sawicka \u2014 urodzona w Warszawie. Studia : &#8211; Ecole R\u00e9gionale des Beaux Arts w Rouen (Francja) &#8211; Pa\u0144stwowa Wy\u017csza Szko\u0142a Sztuk Pi\u0119knych w Gda\u0144sku &#8211; Akademia Sztuk Pi\u0119knych w Warszawie &#8211; dyplom z ilustracji i grafiki ksi\u0105\u017ckowej 1985. W latach 1983-2004 wsp\u00f3\u0142praca z wydawnictwami ksi\u0105\u017ckowymi &#8211; projekty szaty graficznej, ilustracje. Od 1996 roku [&hellip;]<\/p>\n","protected":false},"author":2,"featured_media":0,"parent":0,"menu_order":0,"comment_status":"closed","ping_status":"closed","template":"","meta":{"footnotes":""},"class_list":["post-7","page","type-page","status-publish","hentry"],"translation":{"provider":"WPGlobus","version":"2.12.2","language":"pl","enabled_languages":["en","fr","pl"],"languages":{"en":{"title":true,"content":true,"excerpt":false},"fr":{"title":true,"content":true,"excerpt":false},"pl":{"title":true,"content":true,"excerpt":false}}},"_links":{"self":[{"href":"https:\/\/www.beatasawicka.pl\/pl\/wp-json\/wp\/v2\/pages\/7","targetHints":{"allow":["GET"]}}],"collection":[{"href":"https:\/\/www.beatasawicka.pl\/pl\/wp-json\/wp\/v2\/pages"}],"about":[{"href":"https:\/\/www.beatasawicka.pl\/pl\/wp-json\/wp\/v2\/types\/page"}],"author":[{"embeddable":true,"href":"https:\/\/www.beatasawicka.pl\/pl\/wp-json\/wp\/v2\/users\/2"}],"replies":[{"embeddable":true,"href":"https:\/\/www.beatasawicka.pl\/pl\/wp-json\/wp\/v2\/comments?post=7"}],"version-history":[{"count":2,"href":"https:\/\/www.beatasawicka.pl\/pl\/wp-json\/wp\/v2\/pages\/7\/revisions"}],"predecessor-version":[{"id":738,"href":"https:\/\/www.beatasawicka.pl\/pl\/wp-json\/wp\/v2\/pages\/7\/revisions\/738"}],"wp:attachment":[{"href":"https:\/\/www.beatasawicka.pl\/pl\/wp-json\/wp\/v2\/media?parent=7"}],"curies":[{"name":"wp","href":"https:\/\/api.w.org\/{rel}","templated":true}]}}