{"id":28,"date":"2015-09-28T11:05:50","date_gmt":"2015-09-28T11:05:50","guid":{"rendered":"http:\/\/beatasawicka.com\/?page_id=28"},"modified":"2015-09-28T11:05:50","modified_gmt":"2015-09-28T11:05:50","slug":"linocuts","status":"publish","type":"page","link":"https:\/\/www.beatasawicka.pl\/pl\/linocuts\/","title":{"rendered":"Linoryty"},"content":{"rendered":"<div id='gallery-1' class='gallery galleryid-28 gallery-columns-3 gallery-size-full'><figure class='gallery-item'>\n\t\t\t<div class='gallery-icon portrait'>\n\t\t\t\t<a href='https:\/\/www.beatasawicka.pl\/pl\/linocuts\/lino01zoom_nowastrona-3\/'><img loading=\"lazy\" decoding=\"async\" width=\"760\" height=\"1000\" src=\"https:\/\/www.beatasawicka.pl\/wp-content\/uploads\/2015\/09\/lino01zoom_nowastrona2.jpg\" class=\"attachment-full size-full\" alt=\"\" aria-describedby=\"gallery-1-434\" srcset=\"https:\/\/www.beatasawicka.pl\/wp-content\/uploads\/2015\/09\/lino01zoom_nowastrona2.jpg 760w, https:\/\/www.beatasawicka.pl\/wp-content\/uploads\/2015\/09\/lino01zoom_nowastrona2-228x300.jpg 228w\" sizes=\"auto, (max-width: 760px) 100vw, 760px\" \/><\/a>\n\t\t\t<\/div>\n\t\t\t\t<figcaption class='wp-caption-text gallery-caption' id='gallery-1-434'>\n\t\t\t\tOstatnia wieczerza (1999), 18cm x 24cm\n\t\t\t\t<\/figcaption><\/figure><figure class='gallery-item'>\n\t\t\t<div class='gallery-icon portrait'>\n\t\t\t\t<a href='https:\/\/www.beatasawicka.pl\/pl\/linocuts\/lino02zoom_nowastrona-3\/'><img loading=\"lazy\" decoding=\"async\" width=\"760\" height=\"1000\" src=\"https:\/\/www.beatasawicka.pl\/wp-content\/uploads\/2015\/09\/lino02zoom_nowastrona2.jpg\" class=\"attachment-full size-full\" alt=\"\" aria-describedby=\"gallery-1-435\" srcset=\"https:\/\/www.beatasawicka.pl\/wp-content\/uploads\/2015\/09\/lino02zoom_nowastrona2.jpg 760w, https:\/\/www.beatasawicka.pl\/wp-content\/uploads\/2015\/09\/lino02zoom_nowastrona2-228x300.jpg 228w\" sizes=\"auto, (max-width: 760px) 100vw, 760px\" \/><\/a>\n\t\t\t<\/div>\n\t\t\t\t<figcaption class='wp-caption-text gallery-caption' id='gallery-1-435'>\n\t\t\t\tModlitwa w Ogr\u00f3jcu (1999), 18cm x 24cm\n\t\t\t\t<\/figcaption><\/figure><figure class='gallery-item'>\n\t\t\t<div class='gallery-icon portrait'>\n\t\t\t\t<a href='https:\/\/www.beatasawicka.pl\/pl\/linocuts\/lino03zoom_nowastrona-3\/'><img loading=\"lazy\" decoding=\"async\" width=\"760\" height=\"1000\" src=\"https:\/\/www.beatasawicka.pl\/wp-content\/uploads\/2015\/09\/lino03zoom_nowastrona2.jpg\" class=\"attachment-full size-full\" alt=\"\" aria-describedby=\"gallery-1-436\" srcset=\"https:\/\/www.beatasawicka.pl\/wp-content\/uploads\/2015\/09\/lino03zoom_nowastrona2.jpg 760w, https:\/\/www.beatasawicka.pl\/wp-content\/uploads\/2015\/09\/lino03zoom_nowastrona2-228x300.jpg 228w\" sizes=\"auto, (max-width: 760px) 100vw, 760px\" \/><\/a>\n\t\t\t<\/div>\n\t\t\t\t<figcaption class='wp-caption-text gallery-caption' id='gallery-1-436'>\n\t\t\t\tPoca\u0142unek Judasza (1999), 18cm x 24cm\n\t\t\t\t<\/figcaption><\/figure><figure class='gallery-item'>\n\t\t\t<div class='gallery-icon portrait'>\n\t\t\t\t<a href='https:\/\/www.beatasawicka.pl\/pl\/linocuts\/lino04zoom_nowastrona-3\/'><img loading=\"lazy\" decoding=\"async\" width=\"760\" height=\"1000\" src=\"https:\/\/www.beatasawicka.pl\/wp-content\/uploads\/2015\/09\/lino04zoom_nowastrona2.jpg\" class=\"attachment-full size-full\" alt=\"\" aria-describedby=\"gallery-1-437\" srcset=\"https:\/\/www.beatasawicka.pl\/wp-content\/uploads\/2015\/09\/lino04zoom_nowastrona2.jpg 760w, https:\/\/www.beatasawicka.pl\/wp-content\/uploads\/2015\/09\/lino04zoom_nowastrona2-228x300.jpg 228w\" sizes=\"auto, (max-width: 760px) 100vw, 760px\" \/><\/a>\n\t\t\t<\/div>\n\t\t\t\t<figcaption class='wp-caption-text gallery-caption' id='gallery-1-437'>\n\t\t\t\tJezus napi\u0119tnowany przed t\u0142umem (1999), 18cm x 24cm\n\t\t\t\t<\/figcaption><\/figure><figure class='gallery-item'>\n\t\t\t<div class='gallery-icon portrait'>\n\t\t\t\t<a href='https:\/\/www.beatasawicka.pl\/pl\/linocuts\/lino05zoom_nowastrona-3\/'><img loading=\"lazy\" decoding=\"async\" width=\"760\" height=\"1000\" src=\"https:\/\/www.beatasawicka.pl\/wp-content\/uploads\/2015\/09\/lino05zoom_nowastrona2.jpg\" class=\"attachment-full size-full\" alt=\"\" aria-describedby=\"gallery-1-438\" srcset=\"https:\/\/www.beatasawicka.pl\/wp-content\/uploads\/2015\/09\/lino05zoom_nowastrona2.jpg 760w, https:\/\/www.beatasawicka.pl\/wp-content\/uploads\/2015\/09\/lino05zoom_nowastrona2-228x300.jpg 228w\" sizes=\"auto, (max-width: 760px) 100vw, 760px\" \/><\/a>\n\t\t\t<\/div>\n\t\t\t\t<figcaption class='wp-caption-text gallery-caption' id='gallery-1-438'>\n\t\t\t\tPan Jezus skazany na \u015bmier\u0107 (1999), 18cm x 24cm\n\t\t\t\t<\/figcaption><\/figure><figure class='gallery-item'>\n\t\t\t<div class='gallery-icon portrait'>\n\t\t\t\t<a href='https:\/\/www.beatasawicka.pl\/pl\/linocuts\/lino06zoom_nowastrona-3\/'><img loading=\"lazy\" decoding=\"async\" width=\"760\" height=\"1000\" src=\"https:\/\/www.beatasawicka.pl\/wp-content\/uploads\/2015\/09\/lino06zoom_nowastrona2.jpg\" class=\"attachment-full size-full\" alt=\"\" aria-describedby=\"gallery-1-439\" srcset=\"https:\/\/www.beatasawicka.pl\/wp-content\/uploads\/2015\/09\/lino06zoom_nowastrona2.jpg 760w, https:\/\/www.beatasawicka.pl\/wp-content\/uploads\/2015\/09\/lino06zoom_nowastrona2-228x300.jpg 228w\" sizes=\"auto, (max-width: 760px) 100vw, 760px\" \/><\/a>\n\t\t\t<\/div>\n\t\t\t\t<figcaption class='wp-caption-text gallery-caption' id='gallery-1-439'>\n\t\t\t\tPan Jezus bierze krzy\u017c (1999), 18cm x 24cm\n\t\t\t\t<\/figcaption><\/figure><figure class='gallery-item'>\n\t\t\t<div class='gallery-icon portrait'>\n\t\t\t\t<a href='https:\/\/www.beatasawicka.pl\/pl\/linocuts\/lino07zoom_nowastrona-3\/'><img loading=\"lazy\" decoding=\"async\" width=\"760\" height=\"1000\" src=\"https:\/\/www.beatasawicka.pl\/wp-content\/uploads\/2015\/09\/lino07zoom_nowastrona2.jpg\" class=\"attachment-full size-full\" alt=\"\" aria-describedby=\"gallery-1-440\" srcset=\"https:\/\/www.beatasawicka.pl\/wp-content\/uploads\/2015\/09\/lino07zoom_nowastrona2.jpg 760w, https:\/\/www.beatasawicka.pl\/wp-content\/uploads\/2015\/09\/lino07zoom_nowastrona2-228x300.jpg 228w\" sizes=\"auto, (max-width: 760px) 100vw, 760px\" \/><\/a>\n\t\t\t<\/div>\n\t\t\t\t<figcaption class='wp-caption-text gallery-caption' id='gallery-1-440'>\n\t\t\t\tUpadek Jezusa (1999), 18cm x 24cm\n\t\t\t\t<\/figcaption><\/figure><figure class='gallery-item'>\n\t\t\t<div class='gallery-icon portrait'>\n\t\t\t\t<a href='https:\/\/www.beatasawicka.pl\/pl\/linocuts\/lino08zoom_nowastrona-3\/'><img loading=\"lazy\" decoding=\"async\" width=\"760\" height=\"1000\" src=\"https:\/\/www.beatasawicka.pl\/wp-content\/uploads\/2015\/09\/lino08zoom_nowastrona2.jpg\" class=\"attachment-full size-full\" alt=\"\" aria-describedby=\"gallery-1-441\" srcset=\"https:\/\/www.beatasawicka.pl\/wp-content\/uploads\/2015\/09\/lino08zoom_nowastrona2.jpg 760w, https:\/\/www.beatasawicka.pl\/wp-content\/uploads\/2015\/09\/lino08zoom_nowastrona2-228x300.jpg 228w\" sizes=\"auto, (max-width: 760px) 100vw, 760px\" \/><\/a>\n\t\t\t<\/div>\n\t\t\t\t<figcaption class='wp-caption-text gallery-caption' id='gallery-1-441'>\n\t\t\t\tSzymon z Cyreny pomaga nie\u015b\u0107 krzy\u017c (1999), 18cm x 24cm\n\t\t\t\t<\/figcaption><\/figure><figure class='gallery-item'>\n\t\t\t<div class='gallery-icon portrait'>\n\t\t\t\t<a href='https:\/\/www.beatasawicka.pl\/pl\/linocuts\/lino09zoom_nowastrona-3\/'><img loading=\"lazy\" decoding=\"async\" width=\"760\" height=\"1000\" src=\"https:\/\/www.beatasawicka.pl\/wp-content\/uploads\/2015\/09\/lino09zoom_nowastrona2.jpg\" class=\"attachment-full size-full\" alt=\"\" aria-describedby=\"gallery-1-442\" srcset=\"https:\/\/www.beatasawicka.pl\/wp-content\/uploads\/2015\/09\/lino09zoom_nowastrona2.jpg 760w, https:\/\/www.beatasawicka.pl\/wp-content\/uploads\/2015\/09\/lino09zoom_nowastrona2-228x300.jpg 228w\" sizes=\"auto, (max-width: 760px) 100vw, 760px\" \/><\/a>\n\t\t\t<\/div>\n\t\t\t\t<figcaption class='wp-caption-text gallery-caption' id='gallery-1-442'>\n\t\t\t\tP\u0142acz\u0105ce niewiasty (1999), 18cm x 24cm\n\t\t\t\t<\/figcaption><\/figure><figure class='gallery-item'>\n\t\t\t<div class='gallery-icon portrait'>\n\t\t\t\t<a href='https:\/\/www.beatasawicka.pl\/pl\/linocuts\/lino10zoom_nowastrona-3\/'><img loading=\"lazy\" decoding=\"async\" width=\"760\" height=\"1000\" src=\"https:\/\/www.beatasawicka.pl\/wp-content\/uploads\/2015\/09\/lino10zoom_nowastrona2.jpg\" class=\"attachment-full size-full\" alt=\"\" aria-describedby=\"gallery-1-443\" srcset=\"https:\/\/www.beatasawicka.pl\/wp-content\/uploads\/2015\/09\/lino10zoom_nowastrona2.jpg 760w, https:\/\/www.beatasawicka.pl\/wp-content\/uploads\/2015\/09\/lino10zoom_nowastrona2-228x300.jpg 228w\" sizes=\"auto, (max-width: 760px) 100vw, 760px\" \/><\/a>\n\t\t\t<\/div>\n\t\t\t\t<figcaption class='wp-caption-text gallery-caption' id='gallery-1-443'>\n\t\t\t\tPan Jezus przybity do krzy\u017ca (1999), 18cm x 24cm\n\t\t\t\t<\/figcaption><\/figure><figure class='gallery-item'>\n\t\t\t<div class='gallery-icon portrait'>\n\t\t\t\t<a href='https:\/\/www.beatasawicka.pl\/pl\/linocuts\/lino11zoom_nowastrona-3\/'><img loading=\"lazy\" decoding=\"async\" width=\"760\" height=\"1000\" src=\"https:\/\/www.beatasawicka.pl\/wp-content\/uploads\/2015\/09\/lino11zoom_nowastrona2.jpg\" class=\"attachment-full size-full\" alt=\"\" aria-describedby=\"gallery-1-444\" srcset=\"https:\/\/www.beatasawicka.pl\/wp-content\/uploads\/2015\/09\/lino11zoom_nowastrona2.jpg 760w, https:\/\/www.beatasawicka.pl\/wp-content\/uploads\/2015\/09\/lino11zoom_nowastrona2-228x300.jpg 228w\" sizes=\"auto, (max-width: 760px) 100vw, 760px\" \/><\/a>\n\t\t\t<\/div>\n\t\t\t\t<figcaption class='wp-caption-text gallery-caption' id='gallery-1-444'>\n\t\t\t\tDobry \u0142otr (1999), 18cm x 24cm\n\t\t\t\t<\/figcaption><\/figure><figure class='gallery-item'>\n\t\t\t<div class='gallery-icon portrait'>\n\t\t\t\t<a href='https:\/\/www.beatasawicka.pl\/pl\/linocuts\/lino12zoom_nowastrona-3\/'><img loading=\"lazy\" decoding=\"async\" width=\"760\" height=\"1000\" src=\"https:\/\/www.beatasawicka.pl\/wp-content\/uploads\/2015\/09\/lino12zoom_nowastrona2.jpg\" class=\"attachment-full size-full\" alt=\"\" aria-describedby=\"gallery-1-445\" srcset=\"https:\/\/www.beatasawicka.pl\/wp-content\/uploads\/2015\/09\/lino12zoom_nowastrona2.jpg 760w, https:\/\/www.beatasawicka.pl\/wp-content\/uploads\/2015\/09\/lino12zoom_nowastrona2-228x300.jpg 228w\" sizes=\"auto, (max-width: 760px) 100vw, 760px\" \/><\/a>\n\t\t\t<\/div>\n\t\t\t\t<figcaption class='wp-caption-text gallery-caption' id='gallery-1-445'>\n\t\t\t\tMaryja i \u015bw. Jan pod krzy\u017cem (1999), 18cm x 24cm\n\t\t\t\t<\/figcaption><\/figure><figure class='gallery-item'>\n\t\t\t<div class='gallery-icon portrait'>\n\t\t\t\t<a href='https:\/\/www.beatasawicka.pl\/pl\/linocuts\/lino13zoom_nowastrona-3\/'><img loading=\"lazy\" decoding=\"async\" width=\"760\" height=\"1000\" src=\"https:\/\/www.beatasawicka.pl\/wp-content\/uploads\/2015\/09\/lino13zoom_nowastrona2.jpg\" class=\"attachment-full size-full\" alt=\"\" aria-describedby=\"gallery-1-446\" srcset=\"https:\/\/www.beatasawicka.pl\/wp-content\/uploads\/2015\/09\/lino13zoom_nowastrona2.jpg 760w, https:\/\/www.beatasawicka.pl\/wp-content\/uploads\/2015\/09\/lino13zoom_nowastrona2-228x300.jpg 228w\" sizes=\"auto, (max-width: 760px) 100vw, 760px\" \/><\/a>\n\t\t\t<\/div>\n\t\t\t\t<figcaption class='wp-caption-text gallery-caption' id='gallery-1-446'>\n\t\t\t\t\u015amierc Pana Jezusa (1999), 18cm x 24cm\n\t\t\t\t<\/figcaption><\/figure><figure class='gallery-item'>\n\t\t\t<div class='gallery-icon portrait'>\n\t\t\t\t<a href='https:\/\/www.beatasawicka.pl\/pl\/linocuts\/lino14zoom_nowastrona-3\/'><img loading=\"lazy\" decoding=\"async\" width=\"760\" height=\"1000\" src=\"https:\/\/www.beatasawicka.pl\/wp-content\/uploads\/2015\/09\/lino14zoom_nowastrona2.jpg\" class=\"attachment-full size-full\" alt=\"\" aria-describedby=\"gallery-1-447\" srcset=\"https:\/\/www.beatasawicka.pl\/wp-content\/uploads\/2015\/09\/lino14zoom_nowastrona2.jpg 760w, https:\/\/www.beatasawicka.pl\/wp-content\/uploads\/2015\/09\/lino14zoom_nowastrona2-228x300.jpg 228w\" sizes=\"auto, (max-width: 760px) 100vw, 760px\" \/><\/a>\n\t\t\t<\/div>\n\t\t\t\t<figcaption class='wp-caption-text gallery-caption' id='gallery-1-447'>\n\t\t\t\tZ\u0142o\u017cenie do grobu (1999), 18cm x 24cm\n\t\t\t\t<\/figcaption><\/figure><figure class='gallery-item'>\n\t\t\t<div class='gallery-icon portrait'>\n\t\t\t\t<a href='https:\/\/www.beatasawicka.pl\/pl\/linocuts\/lino15zoom_nowastrona-3\/'><img loading=\"lazy\" decoding=\"async\" width=\"760\" height=\"1000\" src=\"https:\/\/www.beatasawicka.pl\/wp-content\/uploads\/2015\/09\/lino15zoom_nowastrona2.jpg\" class=\"attachment-full size-full\" alt=\"\" aria-describedby=\"gallery-1-448\" srcset=\"https:\/\/www.beatasawicka.pl\/wp-content\/uploads\/2015\/09\/lino15zoom_nowastrona2.jpg 760w, https:\/\/www.beatasawicka.pl\/wp-content\/uploads\/2015\/09\/lino15zoom_nowastrona2-228x300.jpg 228w\" sizes=\"auto, (max-width: 760px) 100vw, 760px\" \/><\/a>\n\t\t\t<\/div>\n\t\t\t\t<figcaption class='wp-caption-text gallery-caption' id='gallery-1-448'>\n\t\t\t\tZmartwychwstanie (1999), 18cm x 24cm\n\t\t\t\t<\/figcaption><\/figure>\n\t\t<\/div>\n\n","protected":false},"excerpt":{"rendered":"","protected":false},"author":2,"featured_media":0,"parent":0,"menu_order":0,"comment_status":"closed","ping_status":"closed","template":"page-portfolio.php","meta":{"footnotes":""},"class_list":["post-28","page","type-page","status-publish","hentry"],"translation":{"provider":"WPGlobus","version":"2.12.2","language":"pl","enabled_languages":["en","fr","pl"],"languages":{"en":{"title":true,"content":true,"excerpt":false},"fr":{"title":true,"content":true,"excerpt":false},"pl":{"title":true,"content":true,"excerpt":false}}},"_links":{"self":[{"href":"https:\/\/www.beatasawicka.pl\/pl\/wp-json\/wp\/v2\/pages\/28","targetHints":{"allow":["GET"]}}],"collection":[{"href":"https:\/\/www.beatasawicka.pl\/pl\/wp-json\/wp\/v2\/pages"}],"about":[{"href":"https:\/\/www.beatasawicka.pl\/pl\/wp-json\/wp\/v2\/types\/page"}],"author":[{"embeddable":true,"href":"https:\/\/www.beatasawicka.pl\/pl\/wp-json\/wp\/v2\/users\/2"}],"replies":[{"embeddable":true,"href":"https:\/\/www.beatasawicka.pl\/pl\/wp-json\/wp\/v2\/comments?post=28"}],"version-history":[{"count":0,"href":"https:\/\/www.beatasawicka.pl\/pl\/wp-json\/wp\/v2\/pages\/28\/revisions"}],"wp:attachment":[{"href":"https:\/\/www.beatasawicka.pl\/pl\/wp-json\/wp\/v2\/media?parent=28"}],"curies":[{"name":"wp","href":"https:\/\/api.w.org\/{rel}","templated":true}]}}