{"id":252,"date":"2015-09-30T09:43:57","date_gmt":"2015-09-30T09:43:57","guid":{"rendered":"http:\/\/beatasawicka.com\/?page_id=252"},"modified":"2015-09-30T09:43:57","modified_gmt":"2015-09-30T09:43:57","slug":"about-my-work","status":"publish","type":"page","link":"https:\/\/www.beatasawicka.pl\/pl\/about-my-work\/","title":{"rendered":"Moja praca"},"content":{"rendered":"<p style=\"text-align: justify;\">\n\t<div class=\"slideshow_container slideshow_container_style-light\" data-slideshow-id=\"735\" data-style-name=\"style-light\" data-style-version=\"2.5.20\" >\n\t\t<div class=\"slideshow_loading_icon\"><\/div>\n\t\t<div class=\"slideshow_content\" style=\"display: none;\">\n\t\t\t<div class=\"slideshow_view\">\n\t\t\t\t<div class=\"slideshow_slide slideshow_slide_image\">\n\t\t\t\t\t\t\t\t\t\t\t<img src=\"https:\/\/www.beatasawicka.pl\/wp-content\/uploads\/2015\/09\/cytat2am_startnofoto_en-scaled.jpg\" alt=\"cytat2am_startnofoto_en\" width=\"2560\" height=\"1780\" \/>\n\t\t\t\t\t\t\t\t\t\t<div class=\"slideshow_description_box slideshow_transparent\">\n\t\t\t\t\t\t<div class=\"slideshow_title\">cytat2am_startnofoto_en<\/div>\t\t\t\t\t\t\t\t\t\t\t<\/div>\n\t\t\t\t<\/div>\n\n\t\t\t\t\t\t\t\t\t<\/div>\n\t\t\t<div class=\"slideshow_view\">\n\t\t\t\t<div class=\"slideshow_slide slideshow_slide_image\">\n\t\t\t\t\t\t\t\t\t\t\t<img src=\"https:\/\/www.beatasawicka.pl\/wp-content\/uploads\/2015\/10\/portret_goxwiller-scaled.jpg\" alt=\"portret_goxwiller\" width=\"2560\" height=\"1707\" \/>\n\t\t\t\t\t\t\t\t\t\t<div class=\"slideshow_description_box slideshow_transparent\">\n\t\t\t\t\t\t<div class=\"slideshow_title\">portret_goxwiller<\/div>\t\t\t\t\t\t\t\t\t\t\t<\/div>\n\t\t\t\t<\/div>\n\n\t\t\t\t\t\t\t\t\t<\/div>\n\t\t\t<div class=\"slideshow_view\">\n\t\t\t\t<div class=\"slideshow_slide slideshow_slide_image\">\n\t\t\t\t\t\t\t\t\t\t\t<img src=\"https:\/\/www.beatasawicka.pl\/wp-content\/uploads\/2015\/10\/portret_goxwiller_19-scaled.jpg\" alt=\"portret_goxwiller_19\" width=\"2560\" height=\"1627\" \/>\n\t\t\t\t\t\t\t\t\t\t<div class=\"slideshow_description_box slideshow_transparent\">\n\t\t\t\t\t\t<div class=\"slideshow_title\">portret_goxwiller_19<\/div>\t\t\t\t\t\t\t\t\t\t\t<\/div>\n\t\t\t\t<\/div>\n\n\t\t\t\t\t\t\t\t\t<\/div>\n\t\t\t<div class=\"slideshow_view\">\n\t\t\t\t<div class=\"slideshow_slide slideshow_slide_image\">\n\t\t\t\t\t\t\t\t\t\t\t<img src=\"https:\/\/www.beatasawicka.pl\/wp-content\/uploads\/2015\/10\/portret_goxwiller_221-scaled.jpg\" alt=\"portret_goxwiller_22\" width=\"2560\" height=\"1707\" \/>\n\t\t\t\t\t\t\t\t\t\t<div class=\"slideshow_description_box slideshow_transparent\">\n\t\t\t\t\t\t<div class=\"slideshow_title\">portret_goxwiller_22<\/div>\t\t\t\t\t\t\t\t\t\t\t<\/div>\n\t\t\t\t<\/div>\n\n\t\t\t\t\t\t\t\t\t<\/div>\n\t\t\t<div class=\"slideshow_view\">\n\t\t\t\t<div class=\"slideshow_slide slideshow_slide_image\">\n\t\t\t\t\t\t\t\t\t\t\t<img src=\"https:\/\/www.beatasawicka.pl\/wp-content\/uploads\/2015\/10\/umbria_9_nwastrona-kopia.jpg\" alt=\"umbria_9_nwastrona kopia\" width=\"1000\" height=\"669\" \/>\n\t\t\t\t\t\t\t\t\t\t<div class=\"slideshow_description_box slideshow_transparent\">\n\t\t\t\t\t\t<div class=\"slideshow_title\">umbria_9_nwastrona kopia<\/div>\t\t\t\t\t\t\t\t\t\t\t<\/div>\n\t\t\t\t<\/div>\n\n\t\t\t\t\t\t\t\t\t<\/div>\n\t\t\t<div class=\"slideshow_view\">\n\t\t\t\t<div class=\"slideshow_slide slideshow_slide_image\">\n\t\t\t\t\t\t\t\t\t\t\t<img src=\"https:\/\/www.beatasawicka.pl\/wp-content\/uploads\/2015\/10\/pracownia_nowastrona.jpg\" alt=\"pracownia_nowastrona\" width=\"1494\" height=\"1000\" \/>\n\t\t\t\t\t\t\t\t\t\t<div class=\"slideshow_description_box slideshow_transparent\">\n\t\t\t\t\t\t<div class=\"slideshow_title\">pracownia_nowastrona<\/div>\t\t\t\t\t\t\t\t\t\t\t<\/div>\n\t\t\t\t<\/div>\n\n\t\t\t\t\t\t\t\t\t<\/div>\n\t\t\t<div class=\"slideshow_view\">\n\t\t\t\t<div class=\"slideshow_slide slideshow_slide_image\">\n\t\t\t\t\t\t\t\t\t\t\t<img src=\"https:\/\/www.beatasawicka.pl\/wp-content\/uploads\/2015\/10\/pracownia_nowastrona_2.jpg\" alt=\"pracownia_nowastrona_2\" width=\"1494\" height=\"1000\" \/>\n\t\t\t\t\t\t\t\t\t\t<div class=\"slideshow_description_box slideshow_transparent\">\n\t\t\t\t\t\t<div class=\"slideshow_title\">pracownia_nowastrona_2<\/div>\t\t\t\t\t\t\t\t\t\t\t<\/div>\n\t\t\t\t<\/div>\n\n\t\t\t\t\t\t\t\t\t<\/div>\n\t\t\t<div class=\"slideshow_view\">\n\t\t\t\t<div class=\"slideshow_slide slideshow_slide_image\">\n\t\t\t\t\t\t\t\t\t\t\t<img src=\"https:\/\/www.beatasawicka.pl\/wp-content\/uploads\/2015\/10\/pracownia_nowastrona_1.jpg\" alt=\"pracownia_nowastrona_1\" width=\"1504\" height=\"1000\" \/>\n\t\t\t\t\t\t\t\t\t\t<div class=\"slideshow_description_box slideshow_transparent\">\n\t\t\t\t\t\t<div class=\"slideshow_title\">pracownia_nowastrona_1<\/div>\t\t\t\t\t\t\t\t\t\t\t<\/div>\n\t\t\t\t<\/div>\n\n\t\t\t\t\t\t\t\t\t<\/div>\n\t\t<\/div>\n\t\t<div class=\"slideshow_controlPanel slideshow_transparent\" style=\"display: none;\"><ul><li class=\"slideshow_togglePlay\" data-play-text=\"Play\" data-pause-text=\"Pause\"><\/li><\/ul><\/div>\n\t\t<div class=\"slideshow_button slideshow_previous slideshow_transparent\" role=\"button\" data-previous-text=\"Previous\" style=\"display: none;\"><\/div>\n\t\t<div class=\"slideshow_button slideshow_next slideshow_transparent\" role=\"button\" data-next-text=\"Next\" style=\"display: none;\"><\/div>\n\t\t<div class=\"slideshow_pagination\" style=\"display: none;\" data-go-to-text=\"Go to slide\"><div class=\"slideshow_pagination_center\"><\/div><\/div>\n\t<\/div>\n\n<\/p>\n<p style=\"text-align: justify;\"><span style=\"font-family: coco-light;\"><b>MALARSTWO OLEJNE<\/b><\/span> \u2014 <span style=\"font-family: lato-light;\">\u015awiat\u0142o, przestrze\u0144 i nastr\u00f3j &#8211; to dla mnie najbardziej interesuj\u0105ce zagadnienia, kt\u00f3re staram si\u0119 przedstawi\u0107 w moich obrazach.<\/span><\/p>\n<p style=\"text-align: justify;\"><span style=\"font-family: lato-light;\">Pejza\u017ce s\u0105 wynikiem codziennej obserwacji otaczaj\u0105cej mnie natury. Cz\u0119sto powtarzam te same motywy zmieniaj\u0105ce si\u0119 w zale\u017cno\u015bci od pogody, pory dnia i roku &#8211; pozwala mi to na g\u0142\u0119bsz\u0105 analiz\u0119 tematu.\u00a0<\/span><span style=\"font-family: lato-light;\">Staram si\u0119 porz\u0105dkowa\u0107 natur\u0119 wed\u0142ug mojego widzenia \u015bwiata; oraz dostrzec w niej ba\u015bniowy wymiar.<\/span><\/p>\n<p style=\"text-align: justify;\"><span style=\"font-family: lato-light;\"><span style=\"font-family: coco-light;\"><b>AKWARELE<\/b><\/span>\u00a0\u2014 Studia z natury, pami\u0105tki z podr\u00f3\u017cy, wakacji.\u00a0Przedstawiam tak\u017ce kilka ilustracji do ksi\u0105\u017cki Haliny Flis-Kuczy\u0144skiej &#8220;Skarby Kr\u00f3la Dzier\u017cykraja&#8221;.<\/span><\/p>\n<p style=\"text-align: justify;\"><span style=\"font-family: lato-light;\"><span style=\"font-family: coco-light;\"><b>SERIA LINORYT\u00d3W<\/b><\/span>\u00a0\u2014 Droga Krzy\u017cowa wykonana w roku 1999 jako ilustracje do tekstu &#8220;Kielecka Droga Krzy\u017cowa&#8221; ks. Adama Ludwika Szafra\u0144skiego &#8211; zawiera nietypowy uk\u0142ad stacji i jest inspirowana p\u0142askorze\u017abami artysty ludowego Janasza z D\u0119bna Podhala\u0144skiego.<\/span><\/p>\n<p style=\"text-align: justify;\"><span style=\"font-family: lato-light;\"><span style=\"font-family: coco-light;\"><b>PANNEAU DEKORACYJNE<\/b><\/span>\u00a0w ko\u015bciele Saint Florent w Strasbourgu \u2014 wykonane w 2003 roku &#8211; stanowi cz\u0119\u015b\u0107 wystroju kaplicy Mi\u0142osierdzia Bo\u017cego i jest odniesieniem do wezwania &#8220;B\u0105d\u017a mi\u0142osierny dla nas i ca\u0142ego \u015bwiata&#8221;.<\/span><\/p>\n","protected":false},"excerpt":{"rendered":"<p>MALARSTWO OLEJNE \u2014 \u015awiat\u0142o, przestrze\u0144 i nastr\u00f3j &#8211; to dla mnie najbardziej interesuj\u0105ce zagadnienia, kt\u00f3re staram si\u0119 przedstawi\u0107 w moich obrazach. Pejza\u017ce s\u0105 wynikiem codziennej obserwacji otaczaj\u0105cej mnie natury. Cz\u0119sto powtarzam te same motywy zmieniaj\u0105ce si\u0119 w zale\u017cno\u015bci od pogody, pory dnia i roku &#8211; pozwala mi to na g\u0142\u0119bsz\u0105 analiz\u0119 tematu.\u00a0Staram si\u0119 porz\u0105dkowa\u0107 natur\u0119 [&hellip;]<\/p>\n","protected":false},"author":2,"featured_media":0,"parent":0,"menu_order":0,"comment_status":"closed","ping_status":"closed","template":"page-fullwidth.php","meta":{"footnotes":""},"class_list":["post-252","page","type-page","status-publish","hentry"],"translation":{"provider":"WPGlobus","version":"2.12.2","language":"pl","enabled_languages":["en","fr","pl"],"languages":{"en":{"title":true,"content":true,"excerpt":false},"fr":{"title":true,"content":true,"excerpt":false},"pl":{"title":true,"content":true,"excerpt":false}}},"_links":{"self":[{"href":"https:\/\/www.beatasawicka.pl\/pl\/wp-json\/wp\/v2\/pages\/252","targetHints":{"allow":["GET"]}}],"collection":[{"href":"https:\/\/www.beatasawicka.pl\/pl\/wp-json\/wp\/v2\/pages"}],"about":[{"href":"https:\/\/www.beatasawicka.pl\/pl\/wp-json\/wp\/v2\/types\/page"}],"author":[{"embeddable":true,"href":"https:\/\/www.beatasawicka.pl\/pl\/wp-json\/wp\/v2\/users\/2"}],"replies":[{"embeddable":true,"href":"https:\/\/www.beatasawicka.pl\/pl\/wp-json\/wp\/v2\/comments?post=252"}],"version-history":[{"count":0,"href":"https:\/\/www.beatasawicka.pl\/pl\/wp-json\/wp\/v2\/pages\/252\/revisions"}],"wp:attachment":[{"href":"https:\/\/www.beatasawicka.pl\/pl\/wp-json\/wp\/v2\/media?parent=252"}],"curies":[{"name":"wp","href":"https:\/\/api.w.org\/{rel}","templated":true}]}}