{"id":215,"date":"2015-09-29T16:12:15","date_gmt":"2015-09-29T16:12:15","guid":{"rendered":"http:\/\/beatasawicka.com\/?page_id=215"},"modified":"2015-09-29T16:12:15","modified_gmt":"2015-09-29T16:12:15","slug":"where-and-when","status":"publish","type":"page","link":"https:\/\/www.beatasawicka.pl\/pl\/where-and-when\/","title":{"rendered":"Gdzie i kiedy?"},"content":{"rendered":"\n\t<div class=\"slideshow_container slideshow_container_style-light\" data-slideshow-id=\"735\" data-style-name=\"style-light\" data-style-version=\"2.5.20\" >\n\t\t<div class=\"slideshow_loading_icon\"><\/div>\n\t\t<div class=\"slideshow_content\" style=\"display: none;\">\n\t\t\t<div class=\"slideshow_view\">\n\t\t\t\t<div class=\"slideshow_slide slideshow_slide_image\">\n\t\t\t\t\t\t\t\t\t\t\t<img src=\"https:\/\/www.beatasawicka.pl\/wp-content\/uploads\/2015\/09\/cytat2am_startnofoto_en-scaled.jpg\" alt=\"cytat2am_startnofoto_en\" width=\"2560\" height=\"1780\" \/>\n\t\t\t\t\t\t\t\t\t\t<div class=\"slideshow_description_box slideshow_transparent\">\n\t\t\t\t\t\t<div class=\"slideshow_title\">cytat2am_startnofoto_en<\/div>\t\t\t\t\t\t\t\t\t\t\t<\/div>\n\t\t\t\t<\/div>\n\n\t\t\t\t\t\t\t\t\t<\/div>\n\t\t\t<div class=\"slideshow_view\">\n\t\t\t\t<div class=\"slideshow_slide slideshow_slide_image\">\n\t\t\t\t\t\t\t\t\t\t\t<img src=\"https:\/\/www.beatasawicka.pl\/wp-content\/uploads\/2015\/10\/portret_goxwiller-scaled.jpg\" alt=\"portret_goxwiller\" width=\"2560\" height=\"1707\" \/>\n\t\t\t\t\t\t\t\t\t\t<div class=\"slideshow_description_box slideshow_transparent\">\n\t\t\t\t\t\t<div class=\"slideshow_title\">portret_goxwiller<\/div>\t\t\t\t\t\t\t\t\t\t\t<\/div>\n\t\t\t\t<\/div>\n\n\t\t\t\t\t\t\t\t\t<\/div>\n\t\t\t<div class=\"slideshow_view\">\n\t\t\t\t<div class=\"slideshow_slide slideshow_slide_image\">\n\t\t\t\t\t\t\t\t\t\t\t<img src=\"https:\/\/www.beatasawicka.pl\/wp-content\/uploads\/2015\/10\/portret_goxwiller_19-scaled.jpg\" alt=\"portret_goxwiller_19\" width=\"2560\" height=\"1627\" \/>\n\t\t\t\t\t\t\t\t\t\t<div class=\"slideshow_description_box slideshow_transparent\">\n\t\t\t\t\t\t<div class=\"slideshow_title\">portret_goxwiller_19<\/div>\t\t\t\t\t\t\t\t\t\t\t<\/div>\n\t\t\t\t<\/div>\n\n\t\t\t\t\t\t\t\t\t<\/div>\n\t\t\t<div class=\"slideshow_view\">\n\t\t\t\t<div class=\"slideshow_slide slideshow_slide_image\">\n\t\t\t\t\t\t\t\t\t\t\t<img src=\"https:\/\/www.beatasawicka.pl\/wp-content\/uploads\/2015\/10\/portret_goxwiller_221-scaled.jpg\" alt=\"portret_goxwiller_22\" width=\"2560\" height=\"1707\" \/>\n\t\t\t\t\t\t\t\t\t\t<div class=\"slideshow_description_box slideshow_transparent\">\n\t\t\t\t\t\t<div class=\"slideshow_title\">portret_goxwiller_22<\/div>\t\t\t\t\t\t\t\t\t\t\t<\/div>\n\t\t\t\t<\/div>\n\n\t\t\t\t\t\t\t\t\t<\/div>\n\t\t\t<div class=\"slideshow_view\">\n\t\t\t\t<div class=\"slideshow_slide slideshow_slide_image\">\n\t\t\t\t\t\t\t\t\t\t\t<img src=\"https:\/\/www.beatasawicka.pl\/wp-content\/uploads\/2015\/10\/umbria_9_nwastrona-kopia.jpg\" alt=\"umbria_9_nwastrona kopia\" width=\"1000\" height=\"669\" \/>\n\t\t\t\t\t\t\t\t\t\t<div class=\"slideshow_description_box slideshow_transparent\">\n\t\t\t\t\t\t<div class=\"slideshow_title\">umbria_9_nwastrona kopia<\/div>\t\t\t\t\t\t\t\t\t\t\t<\/div>\n\t\t\t\t<\/div>\n\n\t\t\t\t\t\t\t\t\t<\/div>\n\t\t\t<div class=\"slideshow_view\">\n\t\t\t\t<div class=\"slideshow_slide slideshow_slide_image\">\n\t\t\t\t\t\t\t\t\t\t\t<img src=\"https:\/\/www.beatasawicka.pl\/wp-content\/uploads\/2015\/10\/pracownia_nowastrona.jpg\" alt=\"pracownia_nowastrona\" width=\"1494\" height=\"1000\" \/>\n\t\t\t\t\t\t\t\t\t\t<div class=\"slideshow_description_box slideshow_transparent\">\n\t\t\t\t\t\t<div class=\"slideshow_title\">pracownia_nowastrona<\/div>\t\t\t\t\t\t\t\t\t\t\t<\/div>\n\t\t\t\t<\/div>\n\n\t\t\t\t\t\t\t\t\t<\/div>\n\t\t\t<div class=\"slideshow_view\">\n\t\t\t\t<div class=\"slideshow_slide slideshow_slide_image\">\n\t\t\t\t\t\t\t\t\t\t\t<img src=\"https:\/\/www.beatasawicka.pl\/wp-content\/uploads\/2015\/10\/pracownia_nowastrona_2.jpg\" alt=\"pracownia_nowastrona_2\" width=\"1494\" height=\"1000\" \/>\n\t\t\t\t\t\t\t\t\t\t<div class=\"slideshow_description_box slideshow_transparent\">\n\t\t\t\t\t\t<div class=\"slideshow_title\">pracownia_nowastrona_2<\/div>\t\t\t\t\t\t\t\t\t\t\t<\/div>\n\t\t\t\t<\/div>\n\n\t\t\t\t\t\t\t\t\t<\/div>\n\t\t\t<div class=\"slideshow_view\">\n\t\t\t\t<div class=\"slideshow_slide slideshow_slide_image\">\n\t\t\t\t\t\t\t\t\t\t\t<img src=\"https:\/\/www.beatasawicka.pl\/wp-content\/uploads\/2015\/10\/pracownia_nowastrona_1.jpg\" alt=\"pracownia_nowastrona_1\" width=\"1504\" height=\"1000\" \/>\n\t\t\t\t\t\t\t\t\t\t<div class=\"slideshow_description_box slideshow_transparent\">\n\t\t\t\t\t\t<div class=\"slideshow_title\">pracownia_nowastrona_1<\/div>\t\t\t\t\t\t\t\t\t\t\t<\/div>\n\t\t\t\t<\/div>\n\n\t\t\t\t\t\t\t\t\t<\/div>\n\t\t<\/div>\n\t\t<div class=\"slideshow_controlPanel slideshow_transparent\" style=\"display: none;\"><ul><li class=\"slideshow_togglePlay\" data-play-text=\"Play\" data-pause-text=\"Pause\"><\/li><\/ul><\/div>\n\t\t<div class=\"slideshow_button slideshow_previous slideshow_transparent\" role=\"button\" data-previous-text=\"Previous\" style=\"display: none;\"><\/div>\n\t\t<div class=\"slideshow_button slideshow_next slideshow_transparent\" role=\"button\" data-next-text=\"Next\" style=\"display: none;\"><\/div>\n\t\t<div class=\"slideshow_pagination\" style=\"display: none;\" data-go-to-text=\"Go to slide\"><div class=\"slideshow_pagination_center\"><\/div><\/div>\n\t<\/div>\n\n\n<p><span style=\"font-family: lato-light;\"><span style=\"font-family: coco-light;\">24\/25.10<\/span>.<span style=\"font-family: coco-light;\">2015:<\/span>\u00a0prace olejne i akwarele na dwudniowej wystawie w holdzie dla H\u00e9l\u00e8ne de Beauvoir &#8211; artystki malarki (*1910 Paryz +2006 Goxwiller) Goxwiller, Francja<\/span><\/p>\n<p><span style=\"font-family: coco-light;\">2014<\/span>: <span style=\"font-family: lato-light;\">Obrazy olejne, akwarele &#8211; wystawa &#8220;Les femmes artistes&#8221; (wystawa wraz z matk\u0105 i c\u00f3rk\u0105 artystki) w Ch\u00e2teau des Bouillants &#8211; Dammarie-les-Lys, Francja<\/span><\/p>\n<p><span style=\"font-family: lato-thin;\"><span style=\"font-family: coco-light;\">2014:<\/span> <span style=\"font-family: lato-light;\">Linoryty, wystawa &#8220;Drogi Krzy\u017cowej&#8221; w Institution N\u00f4tre Dame de Sion &#8211; Strasbourg<\/span><\/span><\/p>\n<p><span style=\"font-family: lato-thin;\"><span style=\"font-family: coco-light;\">2013:<\/span> <span style=\"font-family: lato-light;\">Obrazy olejne, akwarele na wystawie &#8220;Landscape in all forms&#8221; na Uniwersytecie Ameryka\u0144skim w Pary\u017cu (wystawa grupowa)<\/span><\/span><\/p>\n<p><span style=\"font-family: lato-thin;\"><span style=\"font-family: coco-light;\">2012:<\/span> <span style=\"font-family: lato-light;\">Obrazy olejne, akwarele na wystawie &#8220;Z matek na c\u00f3rki&#8221; (wystawa wraz z matk\u0105 i c\u00f3rk\u0105 artystki) w Radzie Europy &#8211; Strasbourg<\/span><\/span><\/p>\n<p><span style=\"font-family: lato-thin;\"><span style=\"font-family: coco-light;\">2012:<\/span>\u00a0<span style=\"font-family: lato-light;\">Malarstwo olejne na wystawie &#8220;Configurations&#8221; &#8211; <a class=\"work\" href=\"http:\/\/newcenturyartists.org\/\">New Century Artists Gallery<\/a>, New York City, USA<\/span><\/span><\/p>\n<p><span style=\"font-family: lato-thin;\"><span style=\"font-family: coco-light;\">2009 &#8211; 2010:<\/span> <span style=\"font-family: lato-light;\">Malarstwo olejne w restauracji &#8220;Les Semailles&#8221; &#8211; Strasbourg &#8211; Wantzenau<\/span><\/span><\/p>\n<p><span style=\"font-family: lato-thin;\"><span style=\"font-family: coco-light;\">2009:<\/span> <span style=\"font-family: lato-light;\">Malarstwo olejne, akwarele w Radzie Europy &#8211; Strasbourg<\/span><\/span><\/p>\n<p><span style=\"font-family: lato-thin;\"><span style=\"font-family: coco-light;\">2006:<\/span>\u00a0<span style=\"font-family: lato-light;\">Salon Akwareli &#8211; Uckange<\/span><\/span><\/p>\n<p><span style=\"font-family: lato-thin;\"><span style=\"font-family: coco-light;\">2005:<\/span> <span style=\"font-family: lato-light;\">Realizacja panneau dekoracyjnego dla ko\u015bcio\u0142a Saint Florent\u00a0<\/span><\/span><span style=\"font-family: lato-light;\">w Strasbourgu<\/span><\/p>\n<p><span style=\"font-family: lato-thin;\"><span style=\"font-family: coco-light;\">2005:<\/span> <span style=\"font-family: lato-light;\">Salon Akwareli &#8211; Uckange<\/span><\/span><\/p>\n<p><span style=\"font-family: lato-thin;\"><span style=\"font-family: coco-light;\">2003:<\/span> <span style=\"font-family: lato-light;\">Akwarele, linoryty w Radzie Europy &#8211; Strasbourg<\/span><\/span><\/p>\n<p><span style=\"font-family: lato-thin;\"><span style=\"font-family: coco-light;\">2000:<\/span> <span style=\"font-family: lato-light;\">Cykl linorytniczy w ko\u015bciele Notre Dame de Lourdes &#8211; Strasbourg<\/span><\/span><\/p>\n<p><span style=\"font-family: lato-thin;\"><span style=\"font-family: coco-light;\">1985:<\/span> <span style=\"font-family: lato-light;\">&#8220;M\u0142odzi ilustratorzy &#8211; nowe ilustracje&#8221; &#8211; Warszawa &#8211; Galeria Kordegarda<\/span><\/span><\/p>\n","protected":false},"excerpt":{"rendered":"<p>24\/25.10.2015:\u00a0prace olejne i akwarele na dwudniowej wystawie w holdzie dla H\u00e9l\u00e8ne de Beauvoir &#8211; artystki malarki (*1910 Paryz +2006 Goxwiller) Goxwiller, Francja 2014: Obrazy olejne, akwarele &#8211; wystawa &#8220;Les femmes artistes&#8221; (wystawa wraz z matk\u0105 i c\u00f3rk\u0105 artystki) w Ch\u00e2teau des Bouillants &#8211; Dammarie-les-Lys, Francja 2014: Linoryty, wystawa &#8220;Drogi Krzy\u017cowej&#8221; w Institution N\u00f4tre Dame de [&hellip;]<\/p>\n","protected":false},"author":2,"featured_media":0,"parent":0,"menu_order":0,"comment_status":"closed","ping_status":"closed","template":"page-fullwidth.php","meta":{"footnotes":""},"class_list":["post-215","page","type-page","status-publish","hentry"],"translation":{"provider":"WPGlobus","version":"2.12.2","language":"pl","enabled_languages":["en","fr","pl"],"languages":{"en":{"title":true,"content":true,"excerpt":false},"fr":{"title":true,"content":true,"excerpt":false},"pl":{"title":true,"content":true,"excerpt":false}}},"_links":{"self":[{"href":"https:\/\/www.beatasawicka.pl\/pl\/wp-json\/wp\/v2\/pages\/215","targetHints":{"allow":["GET"]}}],"collection":[{"href":"https:\/\/www.beatasawicka.pl\/pl\/wp-json\/wp\/v2\/pages"}],"about":[{"href":"https:\/\/www.beatasawicka.pl\/pl\/wp-json\/wp\/v2\/types\/page"}],"author":[{"embeddable":true,"href":"https:\/\/www.beatasawicka.pl\/pl\/wp-json\/wp\/v2\/users\/2"}],"replies":[{"embeddable":true,"href":"https:\/\/www.beatasawicka.pl\/pl\/wp-json\/wp\/v2\/comments?post=215"}],"version-history":[{"count":0,"href":"https:\/\/www.beatasawicka.pl\/pl\/wp-json\/wp\/v2\/pages\/215\/revisions"}],"wp:attachment":[{"href":"https:\/\/www.beatasawicka.pl\/pl\/wp-json\/wp\/v2\/media?parent=215"}],"curies":[{"name":"wp","href":"https:\/\/api.w.org\/{rel}","templated":true}]}}