{"id":28,"date":"2015-09-28T11:05:50","date_gmt":"2015-09-28T11:05:50","guid":{"rendered":"http:\/\/beatasawicka.com\/?page_id=28"},"modified":"2015-09-28T11:05:50","modified_gmt":"2015-09-28T11:05:50","slug":"linocuts","status":"publish","type":"page","link":"https:\/\/www.beatasawicka.pl\/fr\/linocuts\/","title":{"rendered":"Linogravures"},"content":{"rendered":"<div id='gallery-1' class='gallery galleryid-28 gallery-columns-3 gallery-size-full'><figure class='gallery-item'>\n\t\t\t<div class='gallery-icon portrait'>\n\t\t\t\t<a href='https:\/\/www.beatasawicka.pl\/fr\/linocuts\/lino01zoom_nowastrona-2\/'><img loading=\"lazy\" decoding=\"async\" width=\"760\" height=\"1000\" src=\"https:\/\/www.beatasawicka.pl\/wp-content\/uploads\/2015\/09\/lino01zoom_nowastrona1.jpg\" class=\"attachment-full size-full\" alt=\"\" aria-describedby=\"gallery-1-407\" srcset=\"https:\/\/www.beatasawicka.pl\/wp-content\/uploads\/2015\/09\/lino01zoom_nowastrona1.jpg 760w, https:\/\/www.beatasawicka.pl\/wp-content\/uploads\/2015\/09\/lino01zoom_nowastrona1-228x300.jpg 228w\" sizes=\"auto, (max-width: 760px) 100vw, 760px\" \/><\/a>\n\t\t\t<\/div>\n\t\t\t\t<figcaption class='wp-caption-text gallery-caption' id='gallery-1-407'>\n\t\t\t\tLa C\u00e8ne (1999), 18cm x 24cm\n\t\t\t\t<\/figcaption><\/figure><figure class='gallery-item'>\n\t\t\t<div class='gallery-icon portrait'>\n\t\t\t\t<a href='https:\/\/www.beatasawicka.pl\/fr\/linocuts\/lino02zoom_nowastrona-2\/'><img loading=\"lazy\" decoding=\"async\" width=\"760\" height=\"1000\" src=\"https:\/\/www.beatasawicka.pl\/wp-content\/uploads\/2015\/09\/lino02zoom_nowastrona1.jpg\" class=\"attachment-full size-full\" alt=\"\" aria-describedby=\"gallery-1-408\" srcset=\"https:\/\/www.beatasawicka.pl\/wp-content\/uploads\/2015\/09\/lino02zoom_nowastrona1.jpg 760w, https:\/\/www.beatasawicka.pl\/wp-content\/uploads\/2015\/09\/lino02zoom_nowastrona1-228x300.jpg 228w\" sizes=\"auto, (max-width: 760px) 100vw, 760px\" \/><\/a>\n\t\t\t<\/div>\n\t\t\t\t<figcaption class='wp-caption-text gallery-caption' id='gallery-1-408'>\n\t\t\t\tGeths\u00e9mani (1999), 18cm x 24cm\n\t\t\t\t<\/figcaption><\/figure><figure class='gallery-item'>\n\t\t\t<div class='gallery-icon portrait'>\n\t\t\t\t<a href='https:\/\/www.beatasawicka.pl\/fr\/linocuts\/lino03zoom_nowastrona-2\/'><img loading=\"lazy\" decoding=\"async\" width=\"760\" height=\"1000\" src=\"https:\/\/www.beatasawicka.pl\/wp-content\/uploads\/2015\/09\/lino03zoom_nowastrona1.jpg\" class=\"attachment-full size-full\" alt=\"\" aria-describedby=\"gallery-1-409\" srcset=\"https:\/\/www.beatasawicka.pl\/wp-content\/uploads\/2015\/09\/lino03zoom_nowastrona1.jpg 760w, https:\/\/www.beatasawicka.pl\/wp-content\/uploads\/2015\/09\/lino03zoom_nowastrona1-228x300.jpg 228w\" sizes=\"auto, (max-width: 760px) 100vw, 760px\" \/><\/a>\n\t\t\t<\/div>\n\t\t\t\t<figcaption class='wp-caption-text gallery-caption' id='gallery-1-409'>\n\t\t\t\tLe baiser de Judas (1999), 18cm x 24cm\n\t\t\t\t<\/figcaption><\/figure><figure class='gallery-item'>\n\t\t\t<div class='gallery-icon portrait'>\n\t\t\t\t<a href='https:\/\/www.beatasawicka.pl\/fr\/linocuts\/lino04zoom_nowastrona-2\/'><img loading=\"lazy\" decoding=\"async\" width=\"760\" height=\"1000\" src=\"https:\/\/www.beatasawicka.pl\/wp-content\/uploads\/2015\/09\/lino04zoom_nowastrona1.jpg\" class=\"attachment-full size-full\" alt=\"\" aria-describedby=\"gallery-1-410\" srcset=\"https:\/\/www.beatasawicka.pl\/wp-content\/uploads\/2015\/09\/lino04zoom_nowastrona1.jpg 760w, https:\/\/www.beatasawicka.pl\/wp-content\/uploads\/2015\/09\/lino04zoom_nowastrona1-228x300.jpg 228w\" sizes=\"auto, (max-width: 760px) 100vw, 760px\" \/><\/a>\n\t\t\t<\/div>\n\t\t\t\t<figcaption class='wp-caption-text gallery-caption' id='gallery-1-410'>\n\t\t\t\tJ\u00e9sus devant la foule (1999), 18cm x 24cm\n\t\t\t\t<\/figcaption><\/figure><figure class='gallery-item'>\n\t\t\t<div class='gallery-icon portrait'>\n\t\t\t\t<a href='https:\/\/www.beatasawicka.pl\/fr\/linocuts\/lino05zoom_nowastrona-2\/'><img loading=\"lazy\" decoding=\"async\" width=\"760\" height=\"1000\" src=\"https:\/\/www.beatasawicka.pl\/wp-content\/uploads\/2015\/09\/lino05zoom_nowastrona1.jpg\" class=\"attachment-full size-full\" alt=\"\" aria-describedby=\"gallery-1-411\" srcset=\"https:\/\/www.beatasawicka.pl\/wp-content\/uploads\/2015\/09\/lino05zoom_nowastrona1.jpg 760w, https:\/\/www.beatasawicka.pl\/wp-content\/uploads\/2015\/09\/lino05zoom_nowastrona1-228x300.jpg 228w\" sizes=\"auto, (max-width: 760px) 100vw, 760px\" \/><\/a>\n\t\t\t<\/div>\n\t\t\t\t<figcaption class='wp-caption-text gallery-caption' id='gallery-1-411'>\n\t\t\t\tJ\u00e9sus condamn\u00e9 \u00e0 mort (1999), 18cm x 24cm\n\t\t\t\t<\/figcaption><\/figure><figure class='gallery-item'>\n\t\t\t<div class='gallery-icon portrait'>\n\t\t\t\t<a href='https:\/\/www.beatasawicka.pl\/fr\/linocuts\/lino06zoom_nowastrona-2\/'><img loading=\"lazy\" decoding=\"async\" width=\"760\" height=\"1000\" src=\"https:\/\/www.beatasawicka.pl\/wp-content\/uploads\/2015\/09\/lino06zoom_nowastrona1.jpg\" class=\"attachment-full size-full\" alt=\"\" aria-describedby=\"gallery-1-412\" srcset=\"https:\/\/www.beatasawicka.pl\/wp-content\/uploads\/2015\/09\/lino06zoom_nowastrona1.jpg 760w, https:\/\/www.beatasawicka.pl\/wp-content\/uploads\/2015\/09\/lino06zoom_nowastrona1-228x300.jpg 228w\" sizes=\"auto, (max-width: 760px) 100vw, 760px\" \/><\/a>\n\t\t\t<\/div>\n\t\t\t\t<figcaption class='wp-caption-text gallery-caption' id='gallery-1-412'>\n\t\t\t\tJ\u00e9sus est charg\u00e9 de la croix (1999), 18cm x 24cm\n\t\t\t\t<\/figcaption><\/figure><figure class='gallery-item'>\n\t\t\t<div class='gallery-icon portrait'>\n\t\t\t\t<a href='https:\/\/www.beatasawicka.pl\/fr\/linocuts\/lino07zoom_nowastrona-2\/'><img loading=\"lazy\" decoding=\"async\" width=\"760\" height=\"1000\" src=\"https:\/\/www.beatasawicka.pl\/wp-content\/uploads\/2015\/09\/lino07zoom_nowastrona1.jpg\" class=\"attachment-full size-full\" alt=\"\" aria-describedby=\"gallery-1-413\" srcset=\"https:\/\/www.beatasawicka.pl\/wp-content\/uploads\/2015\/09\/lino07zoom_nowastrona1.jpg 760w, https:\/\/www.beatasawicka.pl\/wp-content\/uploads\/2015\/09\/lino07zoom_nowastrona1-228x300.jpg 228w\" sizes=\"auto, (max-width: 760px) 100vw, 760px\" \/><\/a>\n\t\t\t<\/div>\n\t\t\t\t<figcaption class='wp-caption-text gallery-caption' id='gallery-1-413'>\n\t\t\t\tJ\u00e9sus tombe sous la croix (1999), 18cm x 24cm\n\t\t\t\t<\/figcaption><\/figure><figure class='gallery-item'>\n\t\t\t<div class='gallery-icon portrait'>\n\t\t\t\t<a href='https:\/\/www.beatasawicka.pl\/fr\/linocuts\/lino08zoom_nowastrona-2\/'><img loading=\"lazy\" decoding=\"async\" width=\"760\" height=\"1000\" src=\"https:\/\/www.beatasawicka.pl\/wp-content\/uploads\/2015\/09\/lino08zoom_nowastrona1.jpg\" class=\"attachment-full size-full\" alt=\"\" aria-describedby=\"gallery-1-414\" srcset=\"https:\/\/www.beatasawicka.pl\/wp-content\/uploads\/2015\/09\/lino08zoom_nowastrona1.jpg 760w, https:\/\/www.beatasawicka.pl\/wp-content\/uploads\/2015\/09\/lino08zoom_nowastrona1-228x300.jpg 228w\" sizes=\"auto, (max-width: 760px) 100vw, 760px\" \/><\/a>\n\t\t\t<\/div>\n\t\t\t\t<figcaption class='wp-caption-text gallery-caption' id='gallery-1-414'>\n\t\t\t\tSimon de Cyr\u00e8ne aide \u00e0 porter la croix (1999), 18cm x 24cm\n\t\t\t\t<\/figcaption><\/figure><figure class='gallery-item'>\n\t\t\t<div class='gallery-icon portrait'>\n\t\t\t\t<a href='https:\/\/www.beatasawicka.pl\/fr\/linocuts\/lino09zoom_nowastrona-2\/'><img loading=\"lazy\" decoding=\"async\" width=\"760\" height=\"1000\" src=\"https:\/\/www.beatasawicka.pl\/wp-content\/uploads\/2015\/09\/lino09zoom_nowastrona1.jpg\" class=\"attachment-full size-full\" alt=\"\" aria-describedby=\"gallery-1-415\" srcset=\"https:\/\/www.beatasawicka.pl\/wp-content\/uploads\/2015\/09\/lino09zoom_nowastrona1.jpg 760w, https:\/\/www.beatasawicka.pl\/wp-content\/uploads\/2015\/09\/lino09zoom_nowastrona1-228x300.jpg 228w\" sizes=\"auto, (max-width: 760px) 100vw, 760px\" \/><\/a>\n\t\t\t<\/div>\n\t\t\t\t<figcaption class='wp-caption-text gallery-caption' id='gallery-1-415'>\n\t\t\t\tJ\u00e9sus rencontre les femmes de J\u00e9rusalem (1999), 18cm x 24cm\n\t\t\t\t<\/figcaption><\/figure><figure class='gallery-item'>\n\t\t\t<div class='gallery-icon portrait'>\n\t\t\t\t<a href='https:\/\/www.beatasawicka.pl\/fr\/linocuts\/lino10zoom_nowastrona-2\/'><img loading=\"lazy\" decoding=\"async\" width=\"760\" height=\"1000\" src=\"https:\/\/www.beatasawicka.pl\/wp-content\/uploads\/2015\/09\/lino10zoom_nowastrona1.jpg\" class=\"attachment-full size-full\" alt=\"\" aria-describedby=\"gallery-1-416\" srcset=\"https:\/\/www.beatasawicka.pl\/wp-content\/uploads\/2015\/09\/lino10zoom_nowastrona1.jpg 760w, https:\/\/www.beatasawicka.pl\/wp-content\/uploads\/2015\/09\/lino10zoom_nowastrona1-228x300.jpg 228w\" sizes=\"auto, (max-width: 760px) 100vw, 760px\" \/><\/a>\n\t\t\t<\/div>\n\t\t\t\t<figcaption class='wp-caption-text gallery-caption' id='gallery-1-416'>\n\t\t\t\tJ\u00e9sus est crucifi\u00e9 (1999), 18cm x 24cm\n\t\t\t\t<\/figcaption><\/figure><figure class='gallery-item'>\n\t\t\t<div class='gallery-icon portrait'>\n\t\t\t\t<a href='https:\/\/www.beatasawicka.pl\/fr\/linocuts\/lino11zoom_nowastrona-2\/'><img loading=\"lazy\" decoding=\"async\" width=\"760\" height=\"1000\" src=\"https:\/\/www.beatasawicka.pl\/wp-content\/uploads\/2015\/09\/lino11zoom_nowastrona1.jpg\" class=\"attachment-full size-full\" alt=\"\" aria-describedby=\"gallery-1-417\" srcset=\"https:\/\/www.beatasawicka.pl\/wp-content\/uploads\/2015\/09\/lino11zoom_nowastrona1.jpg 760w, https:\/\/www.beatasawicka.pl\/wp-content\/uploads\/2015\/09\/lino11zoom_nowastrona1-228x300.jpg 228w\" sizes=\"auto, (max-width: 760px) 100vw, 760px\" \/><\/a>\n\t\t\t<\/div>\n\t\t\t\t<figcaption class='wp-caption-text gallery-caption' id='gallery-1-417'>\n\t\t\t\tLe bon larron (1999), 18cm x 24cm\n\t\t\t\t<\/figcaption><\/figure><figure class='gallery-item'>\n\t\t\t<div class='gallery-icon portrait'>\n\t\t\t\t<a href='https:\/\/www.beatasawicka.pl\/fr\/linocuts\/lino12zoom_nowastrona-2\/'><img loading=\"lazy\" decoding=\"async\" width=\"760\" height=\"1000\" src=\"https:\/\/www.beatasawicka.pl\/wp-content\/uploads\/2015\/09\/lino12zoom_nowastrona1.jpg\" class=\"attachment-full size-full\" alt=\"\" aria-describedby=\"gallery-1-418\" srcset=\"https:\/\/www.beatasawicka.pl\/wp-content\/uploads\/2015\/09\/lino12zoom_nowastrona1.jpg 760w, https:\/\/www.beatasawicka.pl\/wp-content\/uploads\/2015\/09\/lino12zoom_nowastrona1-228x300.jpg 228w\" sizes=\"auto, (max-width: 760px) 100vw, 760px\" \/><\/a>\n\t\t\t<\/div>\n\t\t\t\t<figcaption class='wp-caption-text gallery-caption' id='gallery-1-418'>\n\t\t\t\tMarie et Saint Jean sous la croix (1999), 18cm x 24cm\n\t\t\t\t<\/figcaption><\/figure><figure class='gallery-item'>\n\t\t\t<div class='gallery-icon portrait'>\n\t\t\t\t<a href='https:\/\/www.beatasawicka.pl\/fr\/linocuts\/lino13zoom_nowastrona-2\/'><img loading=\"lazy\" decoding=\"async\" width=\"760\" height=\"1000\" src=\"https:\/\/www.beatasawicka.pl\/wp-content\/uploads\/2015\/09\/lino13zoom_nowastrona1.jpg\" class=\"attachment-full size-full\" alt=\"\" aria-describedby=\"gallery-1-419\" srcset=\"https:\/\/www.beatasawicka.pl\/wp-content\/uploads\/2015\/09\/lino13zoom_nowastrona1.jpg 760w, https:\/\/www.beatasawicka.pl\/wp-content\/uploads\/2015\/09\/lino13zoom_nowastrona1-228x300.jpg 228w\" sizes=\"auto, (max-width: 760px) 100vw, 760px\" \/><\/a>\n\t\t\t<\/div>\n\t\t\t\t<figcaption class='wp-caption-text gallery-caption' id='gallery-1-419'>\n\t\t\t\tLa mort de J\u00e9sus (1999), 18cm x 24cm\n\t\t\t\t<\/figcaption><\/figure><figure class='gallery-item'>\n\t\t\t<div class='gallery-icon portrait'>\n\t\t\t\t<a href='https:\/\/www.beatasawicka.pl\/fr\/linocuts\/lino14zoom_nowastrona-2\/'><img loading=\"lazy\" decoding=\"async\" width=\"760\" height=\"1000\" src=\"https:\/\/www.beatasawicka.pl\/wp-content\/uploads\/2015\/09\/lino14zoom_nowastrona1.jpg\" class=\"attachment-full size-full\" alt=\"\" aria-describedby=\"gallery-1-420\" srcset=\"https:\/\/www.beatasawicka.pl\/wp-content\/uploads\/2015\/09\/lino14zoom_nowastrona1.jpg 760w, https:\/\/www.beatasawicka.pl\/wp-content\/uploads\/2015\/09\/lino14zoom_nowastrona1-228x300.jpg 228w\" sizes=\"auto, (max-width: 760px) 100vw, 760px\" \/><\/a>\n\t\t\t<\/div>\n\t\t\t\t<figcaption class='wp-caption-text gallery-caption' id='gallery-1-420'>\n\t\t\t\tPiet\u00e0 (1999), 18cm x 24cm\n\t\t\t\t<\/figcaption><\/figure><figure class='gallery-item'>\n\t\t\t<div class='gallery-icon portrait'>\n\t\t\t\t<a href='https:\/\/www.beatasawicka.pl\/fr\/linocuts\/lino15zoom_nowastrona-2\/'><img loading=\"lazy\" decoding=\"async\" width=\"760\" height=\"1000\" src=\"https:\/\/www.beatasawicka.pl\/wp-content\/uploads\/2015\/09\/lino15zoom_nowastrona1.jpg\" class=\"attachment-full size-full\" alt=\"\" aria-describedby=\"gallery-1-421\" srcset=\"https:\/\/www.beatasawicka.pl\/wp-content\/uploads\/2015\/09\/lino15zoom_nowastrona1.jpg 760w, https:\/\/www.beatasawicka.pl\/wp-content\/uploads\/2015\/09\/lino15zoom_nowastrona1-228x300.jpg 228w\" sizes=\"auto, (max-width: 760px) 100vw, 760px\" \/><\/a>\n\t\t\t<\/div>\n\t\t\t\t<figcaption class='wp-caption-text gallery-caption' id='gallery-1-421'>\n\t\t\t\tLa r\u00e9surrection (1999), 18cm x 24cm\n\t\t\t\t<\/figcaption><\/figure>\n\t\t<\/div>\n\n","protected":false},"excerpt":{"rendered":"","protected":false},"author":2,"featured_media":0,"parent":0,"menu_order":0,"comment_status":"closed","ping_status":"closed","template":"page-portfolio.php","meta":{"footnotes":""},"class_list":["post-28","page","type-page","status-publish","hentry"],"translation":{"provider":"WPGlobus","version":"2.12.2","language":"fr","enabled_languages":["en","fr","pl"],"languages":{"en":{"title":true,"content":true,"excerpt":false},"fr":{"title":true,"content":true,"excerpt":false},"pl":{"title":true,"content":true,"excerpt":false}}},"_links":{"self":[{"href":"https:\/\/www.beatasawicka.pl\/fr\/wp-json\/wp\/v2\/pages\/28","targetHints":{"allow":["GET"]}}],"collection":[{"href":"https:\/\/www.beatasawicka.pl\/fr\/wp-json\/wp\/v2\/pages"}],"about":[{"href":"https:\/\/www.beatasawicka.pl\/fr\/wp-json\/wp\/v2\/types\/page"}],"author":[{"embeddable":true,"href":"https:\/\/www.beatasawicka.pl\/fr\/wp-json\/wp\/v2\/users\/2"}],"replies":[{"embeddable":true,"href":"https:\/\/www.beatasawicka.pl\/fr\/wp-json\/wp\/v2\/comments?post=28"}],"version-history":[{"count":0,"href":"https:\/\/www.beatasawicka.pl\/fr\/wp-json\/wp\/v2\/pages\/28\/revisions"}],"wp:attachment":[{"href":"https:\/\/www.beatasawicka.pl\/fr\/wp-json\/wp\/v2\/media?parent=28"}],"curies":[{"name":"wp","href":"https:\/\/api.w.org\/{rel}","templated":true}]}}